{"id":985,"date":"2019-12-20T02:26:41","date_gmt":"2019-12-19T19:26:41","guid":{"rendered":"https:\/\/elementor.thembay.com\/kera\/?post_type=product&#038;p=985"},"modified":"2022-09-12T07:23:12","modified_gmt":"2022-09-12T07:23:12","slug":"minimum-leather-belt-in-brown","status":"publish","type":"product","link":"https:\/\/www.italiancharm.eu\/wp\/product\/minimum-leather-belt-in-brown\/","title":{"rendered":"Barcelona"},"content":{"rendered":"\t\t<div data-elementor-type=\"wp-post\" data-elementor-id=\"985\" class=\"elementor elementor-985\">\n\t\t\t\t\t\t\t\t\t<section class=\"elementor-section elementor-top-section elementor-element elementor-element-e377fa6 elementor-section-boxed elementor-section-height-default elementor-section-height-default\" data-id=\"e377fa6\" data-element_type=\"section\">\n\t\t\t\t\t\t<div class=\"elementor-container elementor-column-gap-default\">\n\t\t\t\t\t<div class=\"elementor-column elementor-col-50 elementor-top-column elementor-element elementor-element-93b75e8\" data-id=\"93b75e8\" data-element_type=\"column\">\n\t\t\t<div class=\"elementor-widget-wrap elementor-element-populated\">\n\t\t\t\t\t\t\t\t<div class=\"elementor-element elementor-element-2e46c8b elementor-widget elementor-widget-text-editor\" data-id=\"2e46c8b\" data-element_type=\"widget\" data-widget_type=\"text-editor.default\">\n\t\t\t\t<div class=\"elementor-widget-container\">\n\t\t\t<style>\/*! elementor - v3.7.7 - 20-09-2022 *\/\n.elementor-widget-text-editor.elementor-drop-cap-view-stacked .elementor-drop-cap{background-color:#818a91;color:#fff}.elementor-widget-text-editor.elementor-drop-cap-view-framed .elementor-drop-cap{color:#818a91;border:3px solid;background-color:transparent}.elementor-widget-text-editor:not(.elementor-drop-cap-view-default) .elementor-drop-cap{margin-top:8px}.elementor-widget-text-editor:not(.elementor-drop-cap-view-default) .elementor-drop-cap-letter{width:1em;height:1em}.elementor-widget-text-editor .elementor-drop-cap{float:left;text-align:center;line-height:1;font-size:50px}.elementor-widget-text-editor .elementor-drop-cap-letter{display:inline-block}<\/style>\t\t\t\t<p>Lorem ipsum dolor sit amet, consectetur adipiscing elit. Fusce interdum convallis lorem, gravida lacinia massa eleifend tempus. In hac habitasse platea dictumst. Ut aliquam justo sit amet posuere vestibulum. Morbi condimentum et ligula et lacinia. Curabitur tempus pulvinar augue, vel malesuada erat tempus et. Praesent nec ornare enim. Quisque rhoncus mi venenatis nulla feugiat, ut eleifend nunc placerat.<\/p>\t\t\t\t\t\t<\/div>\n\t\t\t\t<\/div>\n\t\t\t\t<div class=\"elementor-element elementor-element-c86f3ce elementor-widget elementor-widget-tbay-heading\" data-id=\"c86f3ce\" data-element_type=\"widget\" data-widget_type=\"tbay-heading.default\">\n\t\t\t\t<div class=\"elementor-widget-container\">\n\t\t\t\r\n<div class=\"tbay-element tbay-element-heading\">\r\n\t\t\t\t<h2 class=\"heading-tbay-title elementor-heading-title\">\r\n\t\t\t\t\t\t\t\t\t<span class=\"title\">Header two<\/span>\r\n\t\t\t\t\t    \t\r\n\t\t\t\t\t\t\t<\/h2>\r\n\t\t<\/div>\t\t<\/div>\n\t\t\t\t<\/div>\n\t\t\t\t<div class=\"elementor-element elementor-element-dc52ea7 elementor-widget elementor-widget-text-editor\" data-id=\"dc52ea7\" data-element_type=\"widget\" data-widget_type=\"text-editor.default\">\n\t\t\t\t<div class=\"elementor-widget-container\">\n\t\t\t\t\t\t\t<p>Lorem ipsum dolor sit amet, consectetur adipiscing elit. Fusce interdum convallis lorem, gravida lacinia massa eleifend tempus.<\/p>\t\t\t\t\t\t<\/div>\n\t\t\t\t<\/div>\n\t\t\t\t<div class=\"elementor-element elementor-element-bbb1355 elementor-widget elementor-widget-tbay-heading\" data-id=\"bbb1355\" data-element_type=\"widget\" data-widget_type=\"tbay-heading.default\">\n\t\t\t\t<div class=\"elementor-widget-container\">\n\t\t\t\r\n<div class=\"tbay-element tbay-element-heading\">\r\n\t\t\t\t<h3 class=\"heading-tbay-title elementor-heading-title\">\r\n\t\t\t\t\t\t\t\t\t<span class=\"title\">Header three<\/span>\r\n\t\t\t\t\t    \t\r\n\t\t\t\t\t\t\t<\/h3>\r\n\t\t<\/div>\t\t<\/div>\n\t\t\t\t<\/div>\n\t\t\t\t<div class=\"elementor-element elementor-element-a43eb38 elementor-widget elementor-widget-text-editor\" data-id=\"a43eb38\" data-element_type=\"widget\" data-widget_type=\"text-editor.default\">\n\t\t\t\t<div class=\"elementor-widget-container\">\n\t\t\t\t\t\t\t<p>Fusce interdum convallis lorem, gravida lacinia massa eleifend tempus. In hac habitasse platea dictumst. Ut aliquam justo sit amet posuere vestibulum. Morbi condimentum et ligula et lacinia. Curabitur tempus pulvinar augue, vel malesuada erat tempus et<\/p>\t\t\t\t\t\t<\/div>\n\t\t\t\t<\/div>\n\t\t\t\t<div class=\"elementor-element elementor-element-3cf8a44 elementor-widget elementor-widget-tbay-heading\" data-id=\"3cf8a44\" data-element_type=\"widget\" data-widget_type=\"tbay-heading.default\">\n\t\t\t\t<div class=\"elementor-widget-container\">\n\t\t\t\r\n<div class=\"tbay-element tbay-element-heading\">\r\n\t\t\t\t<h4 class=\"heading-tbay-title elementor-heading-title\">\r\n\t\t\t\t\t\t\t\t\t<span class=\"title\">Header four<\/span>\r\n\t\t\t\t\t    \t\r\n\t\t\t\t\t\t\t<\/h4>\r\n\t\t<\/div>\t\t<\/div>\n\t\t\t\t<\/div>\n\t\t\t\t<div class=\"elementor-element elementor-element-a30c967 elementor-widget elementor-widget-text-editor\" data-id=\"a30c967\" data-element_type=\"widget\" data-widget_type=\"text-editor.default\">\n\t\t\t\t<div class=\"elementor-widget-container\">\n\t\t\t\t\t\t\t<p>Ut aliquam justo sit amet posuere vestibulum. Morbi condimentum et ligula et lacinia. Curabitur tempus pulvinar augue, vel malesuada erat tempus et<\/p>\t\t\t\t\t\t<\/div>\n\t\t\t\t<\/div>\n\t\t\t\t\t<\/div>\n\t\t<\/div>\n\t\t\t\t<div class=\"elementor-column elementor-col-50 elementor-top-column elementor-element elementor-element-65cc31a\" data-id=\"65cc31a\" data-element_type=\"column\">\n\t\t\t<div class=\"elementor-widget-wrap elementor-element-populated\">\n\t\t\t\t\t\t\t\t<div class=\"elementor-element elementor-element-5d9720f elementor-widget elementor-widget-image\" data-id=\"5d9720f\" data-element_type=\"widget\" data-widget_type=\"image.default\">\n\t\t\t\t<div class=\"elementor-widget-container\">\n\t\t\t<style>\/*! elementor - v3.7.7 - 20-09-2022 *\/\n.elementor-widget-image{text-align:center}.elementor-widget-image a{display:inline-block}.elementor-widget-image a img[src$=\".svg\"]{width:48px}.elementor-widget-image img{vertical-align:middle;display:inline-block}<\/style>\t\t\t\t\t\t\t\t\t\t\t\t<img decoding=\"async\" src=\"https:\/\/elementor.thembay.com\/kera\/wp-content\/uploads\/2019\/12\/product-08.jpg\" title=\"\" alt=\"\" \/>\t\t\t\t\t\t\t\t\t\t\t\t\t\t\t<\/div>\n\t\t\t\t<\/div>\n\t\t\t\t\t<\/div>\n\t\t<\/div>\n\t\t\t\t\t\t\t<\/div>\n\t\t<\/section>\n\t\t\t\t\t\t\t<\/div>\n\t\t","protected":false},"excerpt":{"rendered":"<p>Barcelona \u00e8 il divano ad uno o due posti che unisce al design materiali di prima qualit\u00e0. La struttura \u00e8 in pieno cromato ed il rivestimento in pura pelle fiore bianca o nera. La comoda seduta \u00e8 irrobustita da cinghie di cuoio per un maggior comfort.<\/p>\n","protected":false},"featured_media":2965,"template":"redux-templates_canvas","meta":[],"product_cat":[15],"product_tag":[],"class_list":["post-985","product","type-product","status-publish","has-post-thumbnail","hentry","product_cat-divani"],"_links":{"self":[{"href":"https:\/\/www.italiancharm.eu\/wp\/wp-json\/wp\/v2\/product\/985","targetHints":{"allow":["GET"]}}],"collection":[{"href":"https:\/\/www.italiancharm.eu\/wp\/wp-json\/wp\/v2\/product"}],"about":[{"href":"https:\/\/www.italiancharm.eu\/wp\/wp-json\/wp\/v2\/types\/product"}],"wp:featuredmedia":[{"embeddable":true,"href":"https:\/\/www.italiancharm.eu\/wp\/wp-json\/wp\/v2\/media\/2965"}],"wp:attachment":[{"href":"https:\/\/www.italiancharm.eu\/wp\/wp-json\/wp\/v2\/media?parent=985"}],"wp:term":[{"taxonomy":"product_cat","embeddable":true,"href":"https:\/\/www.italiancharm.eu\/wp\/wp-json\/wp\/v2\/product_cat?post=985"},{"taxonomy":"product_tag","embeddable":true,"href":"https:\/\/www.italiancharm.eu\/wp\/wp-json\/wp\/v2\/product_tag?post=985"}],"curies":[{"name":"wp","href":"https:\/\/api.w.org\/{rel}","templated":true}]}}